{"id":435,"date":"2024-03-22T20:19:43","date_gmt":"2024-03-22T20:19:43","guid":{"rendered":"https:\/\/siewmet.pl\/?page_id=435"},"modified":"2024-03-22T20:31:47","modified_gmt":"2024-03-22T20:31:47","slug":"dystrybucja","status":"publish","type":"page","link":"https:\/\/siewmet.pl\/?page_id=435","title":{"rendered":"Produkty &#8211; Dystrybutor"},"content":{"rendered":"\n<h3 class=\"wp-block-heading has-text-align-center\" style=\"margin-top:var(--wp--preset--spacing--80);margin-bottom:var(--wp--preset--spacing--80)\">Fir<strong>ma SIEWMET <\/strong>zajmuje si\u0119 dystrybucj\u0105 maszyn rolniczych znanych Polskich producent\u00f3w. <\/h3>\n\n\n\n<h3 class=\"wp-block-heading has-text-align-center\" style=\"margin-top:var(--wp--preset--spacing--80);margin-bottom:var(--wp--preset--spacing--80)\">W celu zapoznania si\u0119 z nasz\u0105 ofert\u0105 prosimy o kontakt. <\/h3>\n","protected":false},"excerpt":{"rendered":"<p>Firma SIEWMET zajmuje si\u0119 dystrybucj\u0105 maszyn rolniczych znanych Polskich producent\u00f3w. W celu zapoznania si\u0119 z nasz\u0105 ofert\u0105 prosimy o kontakt.<\/p>\n","protected":false},"author":1,"featured_media":0,"parent":0,"menu_order":0,"comment_status":"closed","ping_status":"closed","template":"wp-custom-template-podstrony","meta":{"footnotes":""},"class_list":["post-435","page","type-page","status-publish","hentry"],"_links":{"self":[{"href":"https:\/\/siewmet.pl\/index.php?rest_route=\/wp\/v2\/pages\/435","targetHints":{"allow":["GET"]}}],"collection":[{"href":"https:\/\/siewmet.pl\/index.php?rest_route=\/wp\/v2\/pages"}],"about":[{"href":"https:\/\/siewmet.pl\/index.php?rest_route=\/wp\/v2\/types\/page"}],"author":[{"embeddable":true,"href":"https:\/\/siewmet.pl\/index.php?rest_route=\/wp\/v2\/users\/1"}],"replies":[{"embeddable":true,"href":"https:\/\/siewmet.pl\/index.php?rest_route=%2Fwp%2Fv2%2Fcomments&post=435"}],"version-history":[{"count":7,"href":"https:\/\/siewmet.pl\/index.php?rest_route=\/wp\/v2\/pages\/435\/revisions"}],"predecessor-version":[{"id":446,"href":"https:\/\/siewmet.pl\/index.php?rest_route=\/wp\/v2\/pages\/435\/revisions\/446"}],"wp:attachment":[{"href":"https:\/\/siewmet.pl\/index.php?rest_route=%2Fwp%2Fv2%2Fmedia&parent=435"}],"curies":[{"name":"wp","href":"https:\/\/api.w.org\/{rel}","templated":true}]}}