{"id":36,"date":"2023-02-24T18:18:30","date_gmt":"2023-02-24T18:18:30","guid":{"rendered":"http:\/\/siewmet.pl\/?page_id=36"},"modified":"2026-01-12T22:59:59","modified_gmt":"2026-01-12T22:59:59","slug":"produkty","status":"publish","type":"page","link":"https:\/\/siewmet.pl\/?page_id=36","title":{"rendered":"Produkty"},"content":{"rendered":"\n<h3 class=\"wp-block-heading has-text-align-center has-input-field-background-color has-background\" style=\"margin-top:0;margin-right:0rem;margin-bottom:0;margin-left:0rem\">Siewnik poplon\u00f3w SP-02-1 &#8211; <mark style=\"background-color:rgba(0, 0, 0, 0)\" class=\"has-inline-color has-primary-color\">zbiornik 110l<\/mark><\/h3>\n\n\n\n<div class=\"wp-block-columns is-layout-flex wp-container-core-columns-is-layout-28f84493 wp-block-columns-is-layout-flex\">\n<div class=\"wp-block-column is-layout-flow wp-block-column-is-layout-flow\">\n<figure class=\"wp-block-image alignright size-large is-resized\"><img loading=\"lazy\" decoding=\"async\" width=\"766\" height=\"1024\" src=\"https:\/\/siewmet.pl\/wp-content\/uploads\/2023\/02\/siewnik-poplonu-1-766x1024.png\" alt=\"\" class=\"wp-image-191\" style=\"aspect-ratio:0.796875;width:320px;height:auto\" srcset=\"https:\/\/siewmet.pl\/wp-content\/uploads\/2023\/02\/siewnik-poplonu-1-766x1024.png 766w, https:\/\/siewmet.pl\/wp-content\/uploads\/2023\/02\/siewnik-poplonu-1-224x300.png 224w, https:\/\/siewmet.pl\/wp-content\/uploads\/2023\/02\/siewnik-poplonu-1-768x1027.png 768w, https:\/\/siewmet.pl\/wp-content\/uploads\/2023\/02\/siewnik-poplonu-1-1149x1536.png 1149w, https:\/\/siewmet.pl\/wp-content\/uploads\/2023\/02\/siewnik-poplonu-1.png 1532w\" sizes=\"auto, (max-width: 766px) 100vw, 766px\" \/><\/figure>\n<\/div>\n\n\n\n<div class=\"wp-block-column is-layout-flow wp-block-column-is-layout-flow\">\n<h4 class=\"wp-block-heading\">Dane techniczne:<\/h4>\n\n\n\n<ul class=\"wp-block-list has-foreground-color has-text-color\">\n<li>Konstrukcja wykonana z gi\u0119tej blachy i profili stalowych<\/li>\n\n\n\n<li>Elektryczne sterowanie za pomoc\u0105 panelu<\/li>\n\n\n\n<li>Przew\u00f3d o d\u0142ugo\u015bci 5m<\/li>\n\n\n\n<li>Regulacja szeroko\u015bci wysiewu od 2-12m<\/li>\n\n\n\n<li>Regulacja dawki wysiewu<\/li>\n\n\n\n<li>Elektrycznie otwierana i zamykana zasuwa w zbiorniku<\/li>\n\n\n\n<li>Silnik 150W<\/li>\n\n\n\n<li>Zbiornik o pojemno\u015bci&nbsp;<strong>110l<\/strong><\/li>\n\n\n\n<li>Malowanie proszkowe<\/li>\n\n\n\n<li>Certyfikat CE<\/li>\n\n\n\n<li>Wyposa\u017cenie dodatkowe: mieszad\u0142o<\/li>\n<\/ul>\n<\/div>\n<\/div>\n\n\n\n<h3 class=\"wp-block-heading has-text-align-center has-input-field-background-color has-background\" style=\"margin-top:2px;margin-right:0rem;margin-bottom:2px;margin-left:0rem\">Siewnik poplon\u00f3w SP-03-1 &#8211; <mark style=\"background-color:rgba(0, 0, 0, 0)\" class=\"has-inline-color has-primary-color\">zbiornik 180l<\/mark><\/h3>\n\n\n\n<div class=\"wp-block-columns is-layout-flex wp-container-core-columns-is-layout-28f84493 wp-block-columns-is-layout-flex\">\n<div class=\"wp-block-column is-layout-flow wp-block-column-is-layout-flow\">\n<figure class=\"wp-block-image alignright size-large is-resized\"><img loading=\"lazy\" decoding=\"async\" width=\"816\" height=\"1024\" src=\"https:\/\/siewmet.pl\/wp-content\/uploads\/2023\/10\/180L-NOWOSC-1-1-816x1024.jpg\" alt=\"\" class=\"wp-image-351\" style=\"width:355px;height:auto\" srcset=\"https:\/\/siewmet.pl\/wp-content\/uploads\/2023\/10\/180L-NOWOSC-1-1-816x1024.jpg 816w, https:\/\/siewmet.pl\/wp-content\/uploads\/2023\/10\/180L-NOWOSC-1-1-239x300.jpg 239w, https:\/\/siewmet.pl\/wp-content\/uploads\/2023\/10\/180L-NOWOSC-1-1-768x964.jpg 768w, https:\/\/siewmet.pl\/wp-content\/uploads\/2023\/10\/180L-NOWOSC-1-1-1224x1536.jpg 1224w, https:\/\/siewmet.pl\/wp-content\/uploads\/2023\/10\/180L-NOWOSC-1-1.jpg 1412w\" sizes=\"auto, (max-width: 816px) 100vw, 816px\" \/><\/figure>\n<\/div>\n\n\n\n<div class=\"wp-block-column is-layout-flow wp-block-column-is-layout-flow\">\n<h4 class=\"wp-block-heading\">Dane techniczne:<\/h4>\n\n\n\n<ul class=\"wp-block-list has-foreground-color has-text-color\">\n<li>Konstrukcja wykonana z gi\u0119tej blachy i profili stalowych<\/li>\n\n\n\n<li>Elektryczne sterowanie za pomoc\u0105 panelu<\/li>\n\n\n\n<li>Przew\u00f3d o d\u0142ugo\u015bci 5m<\/li>\n\n\n\n<li>Regulacja szeroko\u015bci wysiewu od 2-12m<\/li>\n\n\n\n<li>Regulacja dawki wysiewu<\/li>\n\n\n\n<li>Elektrycznie otwierana i zamykana zasuwa w zbiorniku<\/li>\n\n\n\n<li>Silnik 150W<\/li>\n\n\n\n<li>Zbiornik o pojemno\u015bci <strong>180l<\/strong><\/li>\n\n\n\n<li>Malowanie proszkowe<\/li>\n\n\n\n<li>Certyfikat CE<\/li>\n\n\n\n<li>Wyposa\u017cenie dodatkowe: mieszad\u0142o<\/li>\n<\/ul>\n<\/div>\n<\/div>\n\n\n\n<h3 class=\"wp-block-heading has-text-align-center has-input-field-background-color has-background\" style=\"margin-top:2rem;margin-right:0rem;margin-bottom:2rem;margin-left:0rem\">Ramka z wid\u0142ami ER-02-1 <\/h3>\n\n\n\n<div class=\"wp-block-columns is-layout-flex wp-container-core-columns-is-layout-eca4ad23 wp-block-columns-is-layout-flex\" style=\"margin-top:0;margin-bottom:0;padding-right:0rem;padding-left:0rem\">\n<div class=\"wp-block-column is-layout-flow wp-block-column-is-layout-flow\">\n<figure class=\"wp-block-image alignright size-large is-resized\"><img loading=\"lazy\" decoding=\"async\" width=\"768\" height=\"1024\" src=\"https:\/\/siewmet.pl\/wp-content\/uploads\/2023\/11\/ramka-3-768x1024.png\" alt=\"\" class=\"wp-image-355\" style=\"aspect-ratio:0.796875;width:281px;height:auto\" srcset=\"https:\/\/siewmet.pl\/wp-content\/uploads\/2023\/11\/ramka-3-768x1024.png 768w, https:\/\/siewmet.pl\/wp-content\/uploads\/2023\/11\/ramka-3-225x300.png 225w, https:\/\/siewmet.pl\/wp-content\/uploads\/2023\/11\/ramka-3-1152x1536.png 1152w, https:\/\/siewmet.pl\/wp-content\/uploads\/2023\/11\/ramka-3.png 1200w\" sizes=\"auto, (max-width: 768px) 100vw, 768px\" \/><\/figure>\n<\/div>\n\n\n\n<div class=\"wp-block-column is-layout-flow wp-block-column-is-layout-flow\">\n<h4 class=\"wp-block-heading\">Dane techniczne:<\/h4>\n\n\n\n<ul class=\"wp-block-list has-foreground-color has-text-color\">\n<li>Konstrukcja wykonana z profili stalowych i blachy wycinanej laserowo<\/li>\n\n\n\n<li>Ud\u017awig 2 tony<\/li>\n\n\n\n<li>Rama standard 120cm<\/li>\n\n\n\n<li>Wymiary wide\u0142: 80mm x 40mm x 1200mm (homologacja 2t)<\/li>\n\n\n\n<li>Regulowany rozstaw wide\u0142<\/li>\n\n\n\n<li>Zaprojektowana i wyprodukowana zgodnie z normami: 2006\/42\/WE; PN-EN 13155:2021<\/li>\n<\/ul>\n<\/div>\n<\/div>\n\n\n\n<h3 class=\"wp-block-heading has-text-align-center has-input-field-background-color has-background\" style=\"margin-top:2px;margin-right:0rem;margin-bottom:2px;margin-left:0rem\">Aplikator do zakiszania AP-02-1 <\/h3>\n\n\n\n<div class=\"wp-block-columns is-layout-flex wp-container-core-columns-is-layout-28f84493 wp-block-columns-is-layout-flex\">\n<div class=\"wp-block-column is-layout-flow wp-block-column-is-layout-flow\">\n<figure class=\"wp-block-image alignright size-full is-resized\"><img loading=\"lazy\" decoding=\"async\" width=\"433\" height=\"577\" src=\"https:\/\/siewmet.pl\/wp-content\/uploads\/2024\/03\/WhatsApp-Image-2024-03-20-at-18.20.14_preview_rev_1-1.png\" alt=\"\" class=\"wp-image-390\" style=\"width:319px;height:auto\" srcset=\"https:\/\/siewmet.pl\/wp-content\/uploads\/2024\/03\/WhatsApp-Image-2024-03-20-at-18.20.14_preview_rev_1-1.png 433w, https:\/\/siewmet.pl\/wp-content\/uploads\/2024\/03\/WhatsApp-Image-2024-03-20-at-18.20.14_preview_rev_1-1-225x300.png 225w\" sizes=\"auto, (max-width: 433px) 100vw, 433px\" \/><\/figure>\n<\/div>\n\n\n\n<div class=\"wp-block-column is-layout-flow wp-block-column-is-layout-flow\">\n<h4 class=\"wp-block-heading\">Dane techniczne:<\/h4>\n\n\n\n<ul class=\"wp-block-list has-foreground-color has-text-color\">\n<li>Konstrukcja wykonana z profili stalowych i blachy wycinanej laserowo <\/li>\n\n\n\n<li>Rama malowana proszkowo<\/li>\n\n\n\n<li>Zbiornik 100l<\/li>\n\n\n\n<li>W\u0142oska pompa Geoline 6,9 bar<\/li>\n\n\n\n<li>Uk\u0142ad cieczy wykonany na elementach mosi\u0119\u017cnych <\/li>\n\n\n\n<li>Zaw\u00f3r ARAG do regulacji cieczy<\/li>\n\n\n\n<li>Czytelny manometr i wska\u017anik poziomu cieczy<\/li>\n\n\n\n<li>Pilot do sterowania z przewodem o d\u0142ugo\u015bci 6m<\/li>\n\n\n\n<li>Zestaw do aplikowania<\/li>\n<\/ul>\n<\/div>\n<\/div>\n\n\n\n<h3 class=\"wp-block-heading has-text-align-center has-input-field-background-color has-background\" style=\"margin-top:2px;margin-right:0rem;margin-bottom:2px;margin-left:0rem\">Piaskarko-Solarka MAJA-12 &#8211; <mark style=\"background-color:rgba(0, 0, 0, 0)\" class=\"has-inline-color has-primary-color\">zbiornik 100l<\/mark><\/h3>\n\n\n\n<div class=\"wp-block-columns is-layout-flex wp-container-core-columns-is-layout-28f84493 wp-block-columns-is-layout-flex\">\n<div class=\"wp-block-column is-layout-flow wp-block-column-is-layout-flow\">\n<figure class=\"wp-block-image alignright size-full is-resized\"><img loading=\"lazy\" decoding=\"async\" width=\"433\" height=\"577\" src=\"https:\/\/siewmet.pl\/wp-content\/uploads\/2026\/01\/solarka-MAJA-12.png\" alt=\"\" class=\"wp-image-452\" style=\"aspect-ratio:0.7504521923532714;width:281px;height:auto\" srcset=\"https:\/\/siewmet.pl\/wp-content\/uploads\/2026\/01\/solarka-MAJA-12.png 433w, https:\/\/siewmet.pl\/wp-content\/uploads\/2026\/01\/solarka-MAJA-12-225x300.png 225w\" sizes=\"auto, (max-width: 433px) 100vw, 433px\" \/><\/figure>\n<\/div>\n\n\n\n<div class=\"wp-block-column is-layout-flow wp-block-column-is-layout-flow\">\n<h4 class=\"wp-block-heading\">Dane techniczne:<\/h4>\n\n\n\n<ul class=\"wp-block-list\">\n<li class=\"has-foreground-color has-text-color has-link-color wp-elements-4af0e578b6613e4251b3094843e26633\">Zbiornik 100l<\/li>\n\n\n\n<li class=\"has-foreground-color has-text-color has-link-color wp-elements-e1c53b9567dc3da708977d873514497d\">Rama malowana proszkowo<\/li>\n\n\n\n<li class=\"has-foreground-color has-text-color has-link-color wp-elements-026ebe30204a06644532cd61aaa2cf41\">Silnik 300W<\/li>\n\n\n\n<li class=\"has-foreground-color has-text-color has-link-color wp-elements-b9a3b665667f9a9944f4957ae5788563\">Przek\u0142adnia 5:1<\/li>\n\n\n\n<li class=\"has-foreground-color has-text-color has-link-color wp-elements-a094b818266fd9dd61d8cf80c623c977\">Napi\u0119cie 12V<\/li>\n\n\n\n<li class=\"has-foreground-color has-text-color has-link-color wp-elements-1b4a33c9b7fc4a8f9f98637f4423ddee\">Talerz wykonany ze stali nierdzewnej<\/li>\n\n\n\n<li class=\"has-foreground-color has-text-color has-link-color wp-elements-f25e369b648fe39572068dbd04d0ca63\">Silnik wibracyjny<\/li>\n\n\n\n<li class=\"has-foreground-color has-text-color has-link-color wp-elements-7e8a99f8285f7c69707fe533f2000b05\">Panel sterowania z przewodem 5m<\/li>\n\n\n\n<li class=\"has-foreground-color has-text-color has-link-color wp-elements-345225258db2ed94c8cfab8bad5b2248\">Mo\u017cliwy monta\u017c na hak auta, quada itp.<\/li>\n<\/ul>\n<\/div>\n<\/div>\n\n\n\n<h3 class=\"wp-block-heading has-text-align-center has-input-field-background-color has-background\" style=\"margin-top:2px;margin-right:0rem;margin-bottom:2px;margin-left:0rem\">Piaskarko-Solarka AMELIA-11 &#8211; <mark style=\"background-color:rgba(0, 0, 0, 0)\" class=\"has-inline-color has-primary-color\">zbiornik 110l<\/mark><\/h3>\n\n\n\n<div class=\"wp-block-columns is-layout-flex wp-container-core-columns-is-layout-28f84493 wp-block-columns-is-layout-flex\">\n<div class=\"wp-block-column is-layout-flow wp-block-column-is-layout-flow\" style=\"flex-basis:50%\">\n<figure class=\"wp-block-image alignright size-full is-resized\"><img loading=\"lazy\" decoding=\"async\" width=\"427\" height=\"584\" src=\"https:\/\/siewmet.pl\/wp-content\/uploads\/2026\/01\/2026-01-12_597-removebg-preview.png\" alt=\"\" class=\"wp-image-456\" style=\"aspect-ratio:0.7311841025796846;width:306px;height:auto\" srcset=\"https:\/\/siewmet.pl\/wp-content\/uploads\/2026\/01\/2026-01-12_597-removebg-preview.png 427w, https:\/\/siewmet.pl\/wp-content\/uploads\/2026\/01\/2026-01-12_597-removebg-preview-219x300.png 219w\" sizes=\"auto, (max-width: 427px) 100vw, 427px\" \/><\/figure>\n<\/div>\n\n\n\n<div class=\"wp-block-column is-layout-flow wp-block-column-is-layout-flow\" style=\"flex-basis:50%\">\n<h4 class=\"wp-block-heading\">Dane techniczne:<\/h4>\n\n\n\n<ul class=\"wp-block-list\">\n<li class=\"has-foreground-color has-text-color has-link-color wp-elements-6ac7770e0235c324f9b0fa4096a38eaf\">Zbiornik 110l<\/li>\n\n\n\n<li class=\"has-foreground-color has-text-color has-link-color wp-elements-a992f74a2a6cae3479a56d7f7a6d814f\">Regulacja pr\u0119dko\u015bci rozrzutu<\/li>\n\n\n\n<li class=\"has-foreground-color has-text-color has-link-color wp-elements-8102cd01128df2ab639f8fa04b23e22a\">Zamykanie elektryczne zasuwy zbiornika<\/li>\n\n\n\n<li class=\"has-foreground-color has-text-color has-link-color wp-elements-e1c53b9567dc3da708977d873514497d\">Rama malowana proszkowo<\/li>\n\n\n\n<li class=\"has-foreground-color has-text-color has-link-color wp-elements-90274cdcfc60e206919b8963878b5016\">Silnik 150W<\/li>\n\n\n\n<li class=\"has-foreground-color has-text-color has-link-color wp-elements-a094b818266fd9dd61d8cf80c623c977\">Napi\u0119cie 12V<\/li>\n\n\n\n<li class=\"has-foreground-color has-text-color has-link-color wp-elements-f25e369b648fe39572068dbd04d0ca63\">Silnik wibracyjny<\/li>\n\n\n\n<li class=\"has-foreground-color has-text-color has-link-color wp-elements-7e8a99f8285f7c69707fe533f2000b05\">Panel sterowania z przewodem 5m<\/li>\n\n\n\n<li class=\"has-foreground-color has-text-color has-link-color wp-elements-345225258db2ed94c8cfab8bad5b2248\">Mo\u017cliwy monta\u017c na hak auta, quada itp.<\/li>\n<\/ul>\n<\/div>\n<\/div>\n","protected":false},"excerpt":{"rendered":"<p>Siewnik poplon\u00f3w SP-02-1 &#8211; zbiornik 110l Dane techniczne: Siewnik poplon\u00f3w SP-03-1 &#8211; zbiornik 180l Dane techniczne: Ramka z wid\u0142ami ER-02-1 Dane techniczne: Aplikator do zakiszania AP-02-1 Dane techniczne: Piaskarko-Solarka MAJA-12 [&hellip;]<\/p>\n","protected":false},"author":1,"featured_media":0,"parent":0,"menu_order":0,"comment_status":"closed","ping_status":"closed","template":"wp-custom-template-podstrony","meta":{"footnotes":""},"class_list":["post-36","page","type-page","status-publish","hentry"],"_links":{"self":[{"href":"https:\/\/siewmet.pl\/index.php?rest_route=\/wp\/v2\/pages\/36","targetHints":{"allow":["GET"]}}],"collection":[{"href":"https:\/\/siewmet.pl\/index.php?rest_route=\/wp\/v2\/pages"}],"about":[{"href":"https:\/\/siewmet.pl\/index.php?rest_route=\/wp\/v2\/types\/page"}],"author":[{"embeddable":true,"href":"https:\/\/siewmet.pl\/index.php?rest_route=\/wp\/v2\/users\/1"}],"replies":[{"embeddable":true,"href":"https:\/\/siewmet.pl\/index.php?rest_route=%2Fwp%2Fv2%2Fcomments&post=36"}],"version-history":[{"count":177,"href":"https:\/\/siewmet.pl\/index.php?rest_route=\/wp\/v2\/pages\/36\/revisions"}],"predecessor-version":[{"id":524,"href":"https:\/\/siewmet.pl\/index.php?rest_route=\/wp\/v2\/pages\/36\/revisions\/524"}],"wp:attachment":[{"href":"https:\/\/siewmet.pl\/index.php?rest_route=%2Fwp%2Fv2%2Fmedia&parent=36"}],"curies":[{"name":"wp","href":"https:\/\/api.w.org\/{rel}","templated":true}]}}