{"id":20,"date":"2023-02-24T18:01:45","date_gmt":"2023-02-24T18:01:45","guid":{"rendered":"http:\/\/siewmet.pl\/?page_id=20"},"modified":"2026-01-12T22:58:09","modified_gmt":"2026-01-12T22:58:09","slug":"o-nas","status":"publish","type":"page","link":"https:\/\/siewmet.pl\/?page_id=20","title":{"rendered":"O nas"},"content":{"rendered":"\n<h3 class=\"wp-block-heading has-text-align-center has-input-field-background-color has-background\" style=\"margin-top:0rem;margin-right:0rem;margin-bottom:0rem;margin-left:0rem\">Dzia\u0142alno\u015b\u0107 firmy<\/h3>\n\n\n\n<p class=\"has-foreground-color has-text-color\" style=\"margin-top:5rem;margin-right:5rem;margin-bottom:5rem;margin-left:5rem;font-size:20px\">Firma PPH SIEWMET jest firm\u0105 oferuj\u0105c\u0105 maszyny rolnicze i wyposa\u017cenie dla rolnictwa. Firma specjalizuje si\u0119 w produkcji siewnik\u00f3w i z tym produktem wesz\u0142a na rynek maszyn rolniczych. Siewnik poplon\u00f3w jest flagowym produktem firmy. Producent oferuje sprzeda\u017c hurtow\u0105 jak i detaliczn\u0105. Sprzeda\u017c prowadzona jest na rynku Polskim jak i Europejskim. Do oferty wprowadzane s\u0105 stale nowe produkty.<\/p>\n\n\n\n<figure class=\"wp-block-image aligncenter size-large is-resized\"><img loading=\"lazy\" decoding=\"async\" width=\"1024\" height=\"664\" src=\"https:\/\/siewmet.pl\/wp-content\/uploads\/2026\/01\/WhatsApp-Image-2025-11-26-at-16.33.01-1024x664.jpeg\" alt=\"\" class=\"wp-image-459\" style=\"width:742px;height:auto\" srcset=\"https:\/\/siewmet.pl\/wp-content\/uploads\/2026\/01\/WhatsApp-Image-2025-11-26-at-16.33.01-1024x664.jpeg 1024w, https:\/\/siewmet.pl\/wp-content\/uploads\/2026\/01\/WhatsApp-Image-2025-11-26-at-16.33.01-300x195.jpeg 300w, https:\/\/siewmet.pl\/wp-content\/uploads\/2026\/01\/WhatsApp-Image-2025-11-26-at-16.33.01-768x498.jpeg 768w, https:\/\/siewmet.pl\/wp-content\/uploads\/2026\/01\/WhatsApp-Image-2025-11-26-at-16.33.01.jpeg 1536w\" sizes=\"auto, (max-width: 1024px) 100vw, 1024px\" \/><\/figure>\n\n\n\n<h3 class=\"wp-block-heading has-text-align-center has-input-field-background-color has-background\" style=\"margin-top:3rem;margin-right:0rem;margin-bottom:3rem;margin-left:0rem\">Misja firmy<\/h3>\n\n\n\n<p class=\"has-foreground-color has-text-color\" style=\"margin-top:5rem;margin-right:5rem;margin-bottom:5rem;margin-left:5rem;font-size:20px\">Misj\u0105 firmy jest dostarczanie niezawodnych i sprawdzonych maszyn rolniczych. Maszyny produkowane s\u0105 z wysokiej jako\u015bci materia\u0142\u00f3w i komponent\u00f3w a proces produkcji odbywa si\u0119 z wysok\u0105 dok\u0142adno\u015bci\u0105 i dba\u0142o\u015bci\u0105 o najmniejsze szczeg\u00f3\u0142y. <\/p>\n\n\n\n<figure class=\"wp-block-image alignfull size-large\"><img loading=\"lazy\" decoding=\"async\" width=\"1024\" height=\"576\" src=\"https:\/\/siewmet.pl\/wp-content\/uploads\/2023\/02\/pexels-tom-fisk-1595104-16-9-1024x576.jpg\" alt=\"\" class=\"wp-image-307\" srcset=\"https:\/\/siewmet.pl\/wp-content\/uploads\/2023\/02\/pexels-tom-fisk-1595104-16-9-1024x576.jpg 1024w, https:\/\/siewmet.pl\/wp-content\/uploads\/2023\/02\/pexels-tom-fisk-1595104-16-9-300x169.jpg 300w, https:\/\/siewmet.pl\/wp-content\/uploads\/2023\/02\/pexels-tom-fisk-1595104-16-9-768x432.jpg 768w, https:\/\/siewmet.pl\/wp-content\/uploads\/2023\/02\/pexels-tom-fisk-1595104-16-9-1536x864.jpg 1536w, https:\/\/siewmet.pl\/wp-content\/uploads\/2023\/02\/pexels-tom-fisk-1595104-16-9-2048x1152.jpg 2048w\" sizes=\"auto, (max-width: 1024px) 100vw, 1024px\" \/><\/figure>\n","protected":false},"excerpt":{"rendered":"<p>Dzia\u0142alno\u015b\u0107 firmy Firma PPH SIEWMET jest firm\u0105 oferuj\u0105c\u0105 maszyny rolnicze i wyposa\u017cenie dla rolnictwa. Firma specjalizuje si\u0119 w produkcji siewnik\u00f3w i z tym produktem wesz\u0142a na rynek maszyn rolniczych. Siewnik [&hellip;]<\/p>\n","protected":false},"author":1,"featured_media":0,"parent":0,"menu_order":0,"comment_status":"closed","ping_status":"closed","template":"wp-custom-template-podstrony","meta":{"footnotes":""},"class_list":["post-20","page","type-page","status-publish","hentry"],"_links":{"self":[{"href":"https:\/\/siewmet.pl\/index.php?rest_route=\/wp\/v2\/pages\/20","targetHints":{"allow":["GET"]}}],"collection":[{"href":"https:\/\/siewmet.pl\/index.php?rest_route=\/wp\/v2\/pages"}],"about":[{"href":"https:\/\/siewmet.pl\/index.php?rest_route=\/wp\/v2\/types\/page"}],"author":[{"embeddable":true,"href":"https:\/\/siewmet.pl\/index.php?rest_route=\/wp\/v2\/users\/1"}],"replies":[{"embeddable":true,"href":"https:\/\/siewmet.pl\/index.php?rest_route=%2Fwp%2Fv2%2Fcomments&post=20"}],"version-history":[{"count":78,"href":"https:\/\/siewmet.pl\/index.php?rest_route=\/wp\/v2\/pages\/20\/revisions"}],"predecessor-version":[{"id":521,"href":"https:\/\/siewmet.pl\/index.php?rest_route=\/wp\/v2\/pages\/20\/revisions\/521"}],"wp:attachment":[{"href":"https:\/\/siewmet.pl\/index.php?rest_route=%2Fwp%2Fv2%2Fmedia&parent=20"}],"curies":[{"name":"wp","href":"https:\/\/api.w.org\/{rel}","templated":true}]}}